{"id":15,"date":"2016-12-02T14:37:08","date_gmt":"2016-12-02T14:37:08","guid":{"rendered":"https:\/\/demo.brothersthemes.com\/phone-repair\/?page_id=15"},"modified":"2025-10-28T14:46:27","modified_gmt":"2025-10-28T14:46:27","slug":"home-1","status":"publish","type":"page","link":"https:\/\/iphonebizkaia.es\/","title":{"rendered":"Inicio"},"content":{"rendered":"<section class=\"wpb-content-wrapper\"><p>[vc_row full_width=\u00bbstretch_row\u00bb css=\u00bb.vc_custom_1487614212917{background-color: #ebebeb !important;}\u00bb][vc_column css=\u00bb.vc_custom_1487614153957{padding: 0px !important;}\u00bb][rev_slider_vc alias=\u00bbhome-slider-1&#8243;][\/vc_column][\/vc_row][vc_row full_width=\u00bbstretch_row\u00bb css=\u00bb.vc_custom_1508068145412{margin-bottom: 0px !important;padding-bottom: 0px !important;background: #ebebeb url(http:\/\/iphonebizkaia.es\/wp-content\/uploads\/2016\/12\/MG_20482.jpg?id=1598) !important;background-position: center !important;background-repeat: no-repeat !important;background-size: cover !important;}\u00bb][vc_column width=\u00bb2\/3&#8243; css=\u00bb.vc_custom_1484570861634{margin-bottom: 0px !important;padding-top: 10px !important;padding-bottom: 10px !important;}\u00bb][vc_column_text css=\u00bb.vc_custom_1761650845864{margin-bottom: 0px !important;padding-bottom: 0px !important;}\u00bb]<\/p>\n<h4 class=\"text-uppercase\">Vuelve a dejar tu Iphone en perfectas condiciones. Llamanos.<\/h4>\n<p>[\/vc_column_text][\/vc_column][vc_column width=\u00bb1\/3&#8243; css=\u00bb.vc_custom_1484662136389{margin-top: 0px !important;padding-top: 20px !important;padding-bottom: 20px !important;}\u00bb][vc_btn title=\u00bbContactanos\u00bb style=\u00bbflat\u00bb color=\u00bbdanger\u00bb size=\u00bbsm\u00bb align=\u00bbcenter\u00bb i_icon_fontawesome=\u00bb\u00bb add_icon=\u00bbtrue\u00bb link=\u00bburl:https%3A%2F%2Fiphonebizkaia.es%2Findex.php%2Fcontacts%2F|title:Contacts|rel:nofollow\u00bb el_class=\u00bbtext-uppercase\u00bb css=\u00bb.vc_custom_1761659359832{margin-top: 0px !important;margin-bottom: 0px !important;padding-top: 0px !important;padding-bottom: 0px !important;}\u00bb][\/vc_column][\/vc_row][vc_row][vc_column][vc_custom_heading text=\u00bbReparamos todos tus problemas en tu telefono Iphone\u00bb font_container=\u00bbtag:h2|text_align:center\u00bb use_theme_fonts=\u00bbyes\u00bb el_class=\u00bbtext-uppercase\u00bb css=\u00bb.vc_custom_1761650935631{margin-bottom: 50px !important;}\u00bb][\/vc_column][\/vc_row][vc_row full_width=\u00bbstretch_row\u00bb][vc_column width=\u00bb1\/3&#8243;][brtm_info_box template=\u00bbpartials\/templates\/info-box\u00bb title=\u00bbRoturas de Pantalla\u00bb css=\u00bb.vc_custom_1761659456286{margin-right: 20px !important;margin-bottom: 30px !important;}\u00bb image_id=\u00bb1592&#8243;]Solo utilizamos pantallas OLED de alta calidad igual que las originales.[\/brtm_info_box][\/vc_column][vc_column width=\u00bb1\/3&#8243;][brtm_info_box template=\u00bbpartials\/templates\/info-box\u00bb title=\u00bbCambios de bateria\u00bb css=\u00bb.vc_custom_1761659513846{margin-right: 20px !important;margin-bottom: 30px !important;}\u00bb image_id=\u00bb1572&#8243;]Nuestras baterias son iguales que las originales. Sin mensaje de pieza no original.[\/brtm_info_box][\/vc_column][vc_column width=\u00bb1\/3&#8243;][brtm_info_box template=\u00bbpartials\/templates\/info-box\u00bb title=\u00bbChasis Completos\u00bb css=\u00bb.vc_custom_1761659561964{margin-right: 20px !important;margin-bottom: 30px !important;}\u00bb image_id=\u00bb30&#8243;]Si tu Iphone esta destrozado no te preocupes. Somos capaces de restaurarlo en otro chasis completamente nuevo para que quede como de fabrica.[\/brtm_info_box][\/vc_column][\/vc_row][vc_row full_width=\u00bbstretch_row\u00bb css=\u00bb.vc_custom_1484571492632{margin-bottom: 60px !important;}\u00bb][vc_column width=\u00bb1\/3&#8243;][brtm_info_box template=\u00bbpartials\/templates\/info-box\u00bb title=\u00bbReparacion de Face ID\u00bb css=\u00bb.vc_custom_1761659603392{margin-right: 20px !important;margin-bottom: 30px !important;}\u00bb image_id=\u00bb21&#8243;]Una de las cosas que mas se rompen es el Face ID. Otras tiendas no son capaces nosotros SI!!![\/brtm_info_box][\/vc_column][vc_column width=\u00bb1\/3&#8243;][brtm_info_box template=\u00bbpartials\/templates\/info-box\u00bb title=\u00bbReparacion a nivel de componente\u00bb css=\u00bb.vc_custom_1761659659468{margin-right: 20px !important;margin-bottom: 30px !important;}\u00bb image_id=\u00bb1632&#8243;]No solo cambiamos pantallas tambien podemos diagnosticar y reparar fallos en los componentes como placas base si ti Iphone no enciende.[\/brtm_info_box][\/vc_column][vc_column width=\u00bb1\/3&#8243;][brtm_info_box template=\u00bbpartials\/templates\/info-box\u00bb title=\u00bbRecuperacion de datos\u00bb css=\u00bb.vc_custom_1761659700388{margin-right: 20px !important;}\u00bb image_id=\u00bb1585&#8243;]Si tu iPhone no enciende podemos recuperar los datos en la medida de lo posible para que no pierdas nada.[\/brtm_info_box][\/vc_column][\/vc_row][vc_section full_width=\u00bbstretch_row\u00bb disable_element=\u00bbyes\u00bb css=\u00bb.vc_custom_1761650998376{padding-top: 0px !important;padding-bottom: 0px !important;background-image: url(http:\/\/iphonebizkaia.es\/wp-content\/uploads\/2016\/12\/IMG_25381.jpg?id=1601) !important;background-position: center !important;background-repeat: no-repeat !important;background-size: cover !important;}\u00bb][vc_row css=\u00bb.vc_custom_1484762000518{margin-bottom: 0px !important;padding-bottom: 0px !important;background-position: center !important;background-repeat: no-repeat !important;background-size: cover !important;}\u00bb][vc_column][vc_custom_heading text=\u00bbOur services\u00bb font_container=\u00bbtag:h2|text_align:center\u00bb use_theme_fonts=\u00bbyes\u00bb el_class=\u00bbtext-uppercase\u00bb css=\u00bb.vc_custom_1484717705769{margin-bottom: 35px !important;}\u00bb][\/vc_column][\/vc_row][vc_row css=\u00bb.vc_custom_1484762006509{margin-bottom: 25px !important;}\u00bb][vc_column css=\u00bb.vc_custom_1484718003349{padding-top: 0px !important;}\u00bb][brtm_post_grid item_template=\u00bbpartials\/templates\/post-teaser3&#8243; loop=\u00bbsize:6|post_type:service\u00bb el_class=\u00bbno-border\u00bb][\/vc_column][\/vc_row][vc_row css=\u00bb.vc_custom_1484762011182{margin-top: 0px !important;margin-bottom: 40px !important;padding-top: 0px !important;}\u00bb][vc_column css=\u00bb.vc_custom_1484572955388{margin-top: 0px !important;padding-top: 0px !important;}\u00bb][vc_btn title=\u00bbSee all services\u00bb style=\u00bbflat\u00bb color=\u00bbdanger\u00bb size=\u00bbsm\u00bb align=\u00bbcenter\u00bb link=\u00bburl:http%3A%2F%2Fiphonebizkaia.es%2Fservices%2F|title:Services||\u00bb el_class=\u00bbtext-uppercase\u00bb css=\u00bb.vc_custom_1508157890006{margin-top: 0px !important;padding-top: 0px !important;}\u00bb][\/vc_column][\/vc_row][\/vc_section][vc_section full_width=\u00bbstretch_row\u00bb css=\u00bb.vc_custom_1489102618617{padding-bottom: 20px !important;background-color: #f5f5f5 !important;background-position: center !important;background-repeat: no-repeat !important;background-size: cover !important;}\u00bb][vc_row][vc_column][vc_custom_heading text=\u00bbPor que elegirnos\u00bb font_container=\u00bbtag:h2|text_align:center\u00bb use_theme_fonts=\u00bbyes\u00bb el_class=\u00bbtext-uppercase\u00bb css=\u00bb.vc_custom_1761653503854{margin-bottom: 50px !important;}\u00bb][\/vc_column][\/vc_row][vc_row equal_height=\u00bbyes\u00bb][vc_column width=\u00bb1\/2&#8243; css=\u00bb.vc_custom_1508068482481{padding-top: 0px !important;padding-right: 0px !important;padding-bottom: 0px !important;padding-left: 0px !important;background-image: url(http:\/\/iphonebizkaia.es\/wp-content\/uploads\/2017\/01\/Rubber-Stamp-2.jpg?id=465) !important;background-position: center !important;background-repeat: no-repeat !important;background-size: cover !important;}\u00bb offset=\u00bbvc_hidden-xs\u00bb][\/vc_column][vc_column width=\u00bb1\/2&#8243;][brtm_info_box template=\u00bbpartials\/templates\/info-box\u00bb icon_font=\u00bbthemify\u00bb icon_themify=\u00bbti-stamp\u00bb icon_size=\u00bbxl\u00bb icon_position=\u00bbleft\u00bb title=\u00bbGarant\u00eda\u00bb icon_color=\u00bb#003366&#8243; el_class=\u00bbpb-1 sm-pt-3 sm-pl-3 sm-pb-3&#8243;]Todos nuestros trabajos cuentan con 3 meses de Garant\u00eda por el trabajo realizado.[\/brtm_info_box][\/vc_column][\/vc_row][vc_row equal_height=\u00bbyes\u00bb][vc_column width=\u00bb1\/2&#8243;][brtm_info_box template=\u00bbpartials\/templates\/info-box\u00bb icon_font=\u00bbthemify\u00bb icon_themify=\u00bbti-face-smile\u00bb icon_size=\u00bbxl\u00bb icon_position=\u00bbleft\u00bb title=\u00bbHonestidad\u00bb icon_color=\u00bb#003366&#8243; el_class=\u00bbpb-1 sm-pt-3 sm-pr-3 sm-pb-3&#8243;]Sabemos lo que hacemos y es por eso que brindamos un servicio 100% honesto<\/p>\n<p>[\/brtm_info_box][\/vc_column][vc_column width=\u00bb1\/2&#8243; css=\u00bb.vc_custom_1508068550406{padding-top: 0px !important;padding-right: 0px !important;padding-bottom: 0px !important;padding-left: 0px !important;background-image: url(http:\/\/iphonebizkaia.es\/wp-content\/uploads\/2016\/12\/business-card-2056019.jpg?id=1683) !important;background-position: center !important;background-repeat: no-repeat !important;background-size: cover !important;}\u00bb offset=\u00bbvc_hidden-xs\u00bb][\/vc_column][\/vc_row][vc_row equal_height=\u00bbyes\u00bb css=\u00bb.vc_custom_1484573728610{margin-bottom: 40px !important;}\u00bb][vc_column width=\u00bb1\/2&#8243; css=\u00bb.vc_custom_1508068570833{background-image: url(http:\/\/iphonebizkaia.es\/wp-content\/uploads\/2016\/12\/corporate_services-01.jpg?id=1605) !important;background-position: center !important;background-repeat: no-repeat !important;background-size: cover !important;}\u00bb offset=\u00bbvc_hidden-xs\u00bb][\/vc_column][vc_column width=\u00bb1\/2&#8243;][brtm_info_box template=\u00bbpartials\/templates\/info-box\u00bb icon_font=\u00bbthemify\u00bb icon_themify=\u00bbti-headphone\u00bb icon_size=\u00bbxl\u00bb icon_position=\u00bbleft\u00bb title=\u00bbEspecialistas\u00bb icon_color=\u00bb#003366&#8243; el_class=\u00bbmb-0 pb-0 sm-pt-3 sm-pl-3 sm-pb-3&#8243;]Nuestro equipo est\u00e1 formado por especialistas\u00a0 en el trabajo.[\/brtm_info_box][\/vc_column][\/vc_row][\/vc_section][vc_row full_width=\u00bbstretch_row\u00bb equal_height=\u00bbyes\u00bb css=\u00bb.vc_custom_1508068278143{background-image: url(http:\/\/iphonebizkaia.es\/wp-content\/uploads\/2016\/12\/privacy-policy-4-2.jpg?id=1602) !important;background-position: center !important;background-repeat: no-repeat !important;background-size: cover !important;}\u00bb][vc_column width=\u00bb1\/2&#8243;][brtm_info_box template=\u00bbpartials\/templates\/info-box\u00bb icon_font=\u00bbthemify\u00bb icon_themify=\u00bbti-alert\u00bb icon_size=\u00bbxl\u00bb icon_position=\u00bbleft\u00bb title=\u00bbPrivacidad\u00bb icon_color=\u00bb#f35f55&#8243; css=\u00bb.vc_custom_1761652410960{padding-top: 15px !important;padding-bottom: 45px !important;}\u00bb]<\/p>\n<p id=\"tw-target-text\" class=\"tw-data-text tw-text-large tw-ta\" dir=\"ltr\" tabindex=\"-1\" role=\"text\" data-placeholder=\"Traducci\u00f3n\" data-ved=\"2ahUKEwjjgp296saQAxXTVKQEHZ_AEUgQ3ewLegQIDBAV\" aria-label=\"Texto traducido: Nuestra empresa presta especial atenci\u00f3n a la privacidad de sus datos. Ninguna informaci\u00f3n de su dispositivo se transferir\u00e1 a terceros. Respetamos a nuestros clientes.\"><span class=\"Y2IQFc\" lang=\"es\">Nuestra empresa presta especial atenci\u00f3n a la privacidad de sus datos. Ninguna informaci\u00f3n de su dispositivo se transferir\u00e1 a terceros. Respetamos a nuestros clientes.<\/span><\/p>\n<p>[\/brtm_info_box][\/vc_column][vc_column width=\u00bb1\/2&#8243; offset=\u00bbvc_hidden-xs\u00bb][\/vc_column][\/vc_row][vc_row disable_element=\u00bbyes\u00bb css=\u00bb.vc_custom_1761659733361{padding-bottom: 20px !important;}\u00bb][vc_column][vc_custom_heading text=\u00bbOur news\u00bb font_container=\u00bbtag:h2|text_align:center\u00bb use_theme_fonts=\u00bbyes\u00bb el_class=\u00bbtext-uppercase\u00bb][\/vc_column][\/vc_row][vc_row disable_element=\u00bbyes\u00bb css=\u00bb.vc_custom_1761653532594{margin-bottom: 60px !important;}\u00bb][vc_column][brtm_post_grid item_template=\u00bbpartials\/templates\/post-teaser2&#8243; loop=\u00bbsize:3|post_type:post\u00bb el_class=\u00bbno-border\u00bb][\/vc_column][\/vc_row][vc_row full_width=\u00bbstretch_row\u00bb disable_element=\u00bbyes\u00bb css=\u00bb.vc_custom_1761652458989{padding-top: 30px !important;padding-bottom: 60px !important;background-image: url(http:\/\/iphonebizkaia.es\/wp-content\/uploads\/2016\/12\/abstract-1883509_1920-1.jpg?id=1599) !important;background-position: center !important;background-repeat: no-repeat !important;background-size: cover !important;}\u00bb][vc_column][brtm_testimonials count=\u00bb3&#8243; interval=\u00bb3&#8243;][\/vc_column][\/vc_row][vc_section][vc_row disable_element=\u00bbyes\u00bb][vc_column][vc_custom_heading text=\u00bbRefurbished Devices Shop\u00bb font_container=\u00bbtag:h2|text_align:center\u00bb use_theme_fonts=\u00bbyes\u00bb el_class=\u00bbtext-uppercase\u00bb css=\u00bb.vc_custom_1485447766157{margin-top: 65px !important;margin-bottom: 50px !important;}\u00bb][\/vc_column][\/vc_row][vc_row][vc_column]<div class=\"woocommerce columns-4 \"><\/div>[\/vc_column][\/vc_row][\/vc_section][vc_section full_width=\u00bbstretch_row\u00bb disable_element=\u00bbyes\u00bb css=\u00bb.vc_custom_1761651048727{padding-bottom: 50px !important;background-image: url(http:\/\/iphonebizkaia.es\/wp-content\/uploads\/2016\/12\/MG_20482.jpg?id=1598) !important;background-position: center !important;background-repeat: no-repeat !important;background-size: cover !important;}\u00bb][vc_row css=\u00bb.vc_custom_1484655736383{margin-bottom: 20px !important;}\u00bb][vc_column][vc_custom_heading text=\u00bbCertified experts\u00bb font_container=\u00bbtag:h2|text_align:center\u00bb use_theme_fonts=\u00bbyes\u00bb el_class=\u00bbtext-uppercase\u00bb][\/vc_column][\/vc_row][vc_row equal_height=\u00bbyes\u00bb css=\u00bb.vc_custom_1484842268789{margin-top: 0px !important;padding-top: 0px !important;background-position: center !important;background-repeat: no-repeat !important;background-size: cover !important;}\u00bb][vc_column width=\u00bb1\/2&#8243; css=\u00bb.vc_custom_1484655777605{margin-top: 0px !important;padding-top: 0px !important;padding-right: 25px !important;}\u00bb][vc_column_text css=\u00bb.vc_custom_1484655572651{margin-top: 0px !important;margin-left: 0px !important;padding-top: 0px !important;padding-left: 0px !important;}\u00bb]<\/p>\n<h3>We fix it all the popular brands<\/h3>\n<p>Vivamus nibh dolor, posuere et consequat ut, posuere nec velit. Nullam non augue pretium, rutrum urna eu, viverra magna. Nullam accumsan arcu id auctor mattis. Vestibulum vitae bibendum nisl, a maximus massa. Vestibulum erat turpis, dapibus et diam nec, fringilla pellentesque nulla. Integer rutrum tristique nisi blandit volutpat. Proin rhoncus mauris in consequat vulputate. Etiam dictum mauris a sapien fermentum imperdiet. Suspendisse potenti. Aenean sagittis libero eu nibh varius imperdiet. Nunc tempus at mi eu convallis. Vestibulum suscipit congue nunc sed ultrices. Phasellus posuere, elit nec euismod fermentum, purus massa congue magna, nec consequat arcu nisi sit amet sapien.[\/vc_column_text][\/vc_column][vc_column width=\u00bb1\/2&#8243; css=\u00bb.vc_custom_1484479534196{margin-top: 0px !important;padding-top: 0px !important;background-position: center !important;background-repeat: no-repeat !important;background-size: cover !important;}\u00bb][vc_row_inner][vc_column_inner width=\u00bb1\/4&#8243; offset=\u00bbvc_col-md-3 vc_col-xs-3&#8243;][vc_single_image image=\u00bb479&#8243; alignment=\u00bbcenter\u00bb css=\u00bb.vc_custom_1484835679984{margin-bottom: 0px !important;}\u00bb][vc_single_image image=\u00bb483&#8243; alignment=\u00bbcenter\u00bb css=\u00bb.vc_custom_1484835770564{margin-bottom: 0px !important;}\u00bb][vc_single_image image=\u00bb478&#8243; alignment=\u00bbcenter\u00bb css=\u00bb.vc_custom_1484836644155{margin-bottom: 0px !important;}\u00bb][vc_single_image image=\u00bb480&#8243; alignment=\u00bbcenter\u00bb css=\u00bb.vc_custom_1484836691704{margin-bottom: 0px !important;}\u00bb][\/vc_column_inner][vc_column_inner width=\u00bb1\/4&#8243; offset=\u00bbvc_col-md-3 vc_col-xs-3&#8243;][vc_single_image image=\u00bb482&#8243; alignment=\u00bbcenter\u00bb css=\u00bb.vc_custom_1484835697657{margin-bottom: 0px !important;}\u00bb][vc_single_image image=\u00bb485&#8243; alignment=\u00bbcenter\u00bb css=\u00bb.vc_custom_1484835783270{margin-bottom: 0px !important;}\u00bb][vc_single_image image=\u00bb484&#8243; alignment=\u00bbcenter\u00bb css=\u00bb.vc_custom_1484836655283{margin-bottom: 0px !important;}\u00bb][vc_single_image image=\u00bb481&#8243; alignment=\u00bbcenter\u00bb css=\u00bb.vc_custom_1484836706416{margin-bottom: 0px !important;}\u00bb][\/vc_column_inner][vc_column_inner width=\u00bb1\/4&#8243; offset=\u00bbvc_col-md-3 vc_col-xs-3&#8243;][vc_single_image image=\u00bb472&#8243; alignment=\u00bbcenter\u00bb css=\u00bb.vc_custom_1484836159864{margin-bottom: 0px !important;}\u00bb][vc_single_image image=\u00bb474&#8243; alignment=\u00bbcenter\u00bb css=\u00bb.vc_custom_1484836619349{margin-bottom: 0px !important;}\u00bb][vc_single_image image=\u00bb473&#8243; alignment=\u00bbcenter\u00bb css=\u00bb.vc_custom_1484836665798{margin-bottom: 0px !important;}\u00bb][vc_single_image image=\u00bb475&#8243; alignment=\u00bbcenter\u00bb css=\u00bb.vc_custom_1484836716771{margin-bottom: 0px !important;}\u00bb][\/vc_column_inner][vc_column_inner width=\u00bb1\/4&#8243; offset=\u00bbvc_col-md-3 vc_col-xs-3&#8243;][vc_single_image image=\u00bb476&#8243; alignment=\u00bbcenter\u00bb css=\u00bb.vc_custom_1484836601431{margin-bottom: 0px !important;}\u00bb][vc_single_image image=\u00bb477&#8243; alignment=\u00bbcenter\u00bb css=\u00bb.vc_custom_1484836629763{margin-bottom: 0px !important;}\u00bb][vc_single_image image=\u00bb470&#8243; alignment=\u00bbcenter\u00bb css=\u00bb.vc_custom_1484836676120{margin-bottom: 0px !important;}\u00bb][vc_single_image image=\u00bb471&#8243; alignment=\u00bbcenter\u00bb css=\u00bb.vc_custom_1484836729758{margin-bottom: 0px !important;}\u00bb][\/vc_column_inner][\/vc_row_inner][\/vc_column][\/vc_row][\/vc_section][vc_row full_width=\u00bbstretch_row\u00bb content_placement=\u00bbmiddle\u00bb css=\u00bb.vc_custom_1508068370158{padding-top: 30px !important;padding-bottom: 30px !important;background: #6699cc url(http:\/\/iphonebizkaia.es\/wp-content\/uploads\/2016\/12\/call_to_action-bg-01-1-2.jpg?id=1575) !important;background-position: center !important;background-repeat: no-repeat !important;background-size: cover !important;}\u00bb][vc_column width=\u00bb5\/12&#8243; css=\u00bb.vc_custom_1484745144988{padding-top: 0px !important;}\u00bb][vc_column_text el_class=\u00bbmb-1 sm-mb-0&#8243;]<\/p>\n<h4 class=\"text-uppercase text-white\" style=\"margin: 0;\">Llamanos para una estimacion gratuita sin compromiso.<\/h4>\n<p>[\/vc_column_text][\/vc_column][vc_column width=\u00bb1\/6&#8243; css=\u00bb.vc_custom_1484745161921{padding-top: 0px !important;}\u00bb][vc_btn title=\u00bbContactanos\u00bb style=\u00bboutline\u00bb color=\u00bbwhite\u00bb size=\u00bbsm\u00bb align=\u00bbcenter\u00bb i_icon_fontawesome=\u00bb\u00bb add_icon=\u00bbtrue\u00bb link=\u00bburl:https%3A%2F%2Fiphonebizkaia.es%2Findex.php%2Fcontacts%2F|title:Contactanos|rel:nofollow\u00bb el_class=\u00bbtext-uppercase\u00bb css=\u00bb.vc_custom_1761659289166{margin-bottom: 0px !important;}\u00bb][\/vc_column][\/vc_row]<\/p>\n<\/section>","protected":false},"excerpt":{"rendered":"<p>[vc_row full_width=\u00bbstretch_row\u00bb css=\u00bb.vc_custom_1487614212917{background-color: #ebebeb !important;}\u00bb][vc_column css=\u00bb.vc_custom_1487614153957{padding: 0px !important;}\u00bb][rev_slider_vc alias=\u00bbhome-slider-1&#8243;][\/vc_column][\/vc_row][vc_row full_width=\u00bbstretch_row\u00bb css=\u00bb.vc_custom_1508068145412{margin-bottom: 0px !important;padding-bottom: 0px !important;background: #ebebeb url(http:\/\/iphonebizkaia.es\/wp-content\/uploads\/2016\/12\/MG_20482.jpg?id=1598) !important;background-position: center !important;background-repeat: no-repeat !important;background-size: cover !important;}\u00bb][vc_column width=\u00bb2\/3&#8243; css=\u00bb.vc_custom_1484570861634{margin-bottom: 0px !important;padding-top: 10px !important;padding-bottom: 10px !important;}\u00bb][vc_column_text css=\u00bb.vc_custom_1761650845864{margin-bottom: 0px !important;padding-bottom: 0px !important;}\u00bb] Vuelve a dejar tu Iphone en perfectas condiciones. Llamanos. [\/vc_column_text][\/vc_column][vc_column width=\u00bb1\/3&#8243; css=\u00bb.vc_custom_1484662136389{margin-top: 0px !important;padding-top: 20px !important;padding-bottom: 20px !important;}\u00bb][vc_btn [&hellip;]<\/p>\n","protected":false},"author":1,"featured_media":0,"parent":0,"menu_order":0,"comment_status":"closed","ping_status":"closed","template":"","meta":{"om_disable_all_campaigns":false,"_monsterinsights_skip_tracking":false,"_monsterinsights_sitenote_active":false,"_monsterinsights_sitenote_note":"","_monsterinsights_sitenote_category":0,"footnotes":""},"class_list":["post-15","page","type-page","status-publish","hentry"],"aioseo_notices":[],"jetpack_sharing_enabled":true,"_links":{"self":[{"href":"https:\/\/iphonebizkaia.es\/index.php\/wp-json\/wp\/v2\/pages\/15","targetHints":{"allow":["GET"]}}],"collection":[{"href":"https:\/\/iphonebizkaia.es\/index.php\/wp-json\/wp\/v2\/pages"}],"about":[{"href":"https:\/\/iphonebizkaia.es\/index.php\/wp-json\/wp\/v2\/types\/page"}],"author":[{"embeddable":true,"href":"https:\/\/iphonebizkaia.es\/index.php\/wp-json\/wp\/v2\/users\/1"}],"replies":[{"embeddable":true,"href":"https:\/\/iphonebizkaia.es\/index.php\/wp-json\/wp\/v2\/comments?post=15"}],"version-history":[{"count":7,"href":"https:\/\/iphonebizkaia.es\/index.php\/wp-json\/wp\/v2\/pages\/15\/revisions"}],"predecessor-version":[{"id":1891,"href":"https:\/\/iphonebizkaia.es\/index.php\/wp-json\/wp\/v2\/pages\/15\/revisions\/1891"}],"wp:attachment":[{"href":"https:\/\/iphonebizkaia.es\/index.php\/wp-json\/wp\/v2\/media?parent=15"}],"curies":[{"name":"wp","href":"https:\/\/api.w.org\/{rel}","templated":true}]}}